{"id":91,"date":"2015-10-22T03:26:46","date_gmt":"2015-10-22T03:26:46","guid":{"rendered":"http:\/\/demo.thimpress.com\/eduma\/?page_id=91"},"modified":"2015-10-22T03:26:46","modified_gmt":"2015-10-22T03:26:46","slug":"faqs","status":"publish","type":"page","link":"http:\/\/www.cf2ad.tn\/fr\/faqs\/","title":{"rendered":"FAQs"},"content":{"rendered":"<div data-elementor-type=\"wp-page\" data-elementor-id=\"91\" class=\"elementor elementor-91\">\n\t\t\t\t\t\t<section class=\"elementor-section elementor-top-section elementor-element elementor-element-80adcd5 elementor-section-stretched elementor-section-boxed elementor-section-height-default elementor-section-height-default\" data-id=\"80adcd5\" data-element_type=\"section\" data-e-type=\"section\" data-settings=\"{&quot;stretch_section&quot;:&quot;section-stretched&quot;,&quot;ekit_has_onepagescroll_dot&quot;:&quot;yes&quot;}\">\n\t\t\t\t\t\t<div class=\"elementor-container elementor-column-gap-custom\">\n\t\t\t\t\t<div class=\"elementor-column elementor-col-50 elementor-top-column elementor-element elementor-element-38830fa\" data-id=\"38830fa\" data-element_type=\"column\" data-e-type=\"column\">\n\t\t\t<div class=\"elementor-widget-wrap elementor-element-populated\">\n\t\t\t\t\t\t<div class=\"elementor-element elementor-element-04a496f elementor-widget elementor-widget-thim-accordion\" data-id=\"04a496f\" data-element_type=\"widget\" data-e-type=\"widget\" data-settings=\"{&quot;ekit_we_effect_on&quot;:&quot;none&quot;}\" data-widget_type=\"thim-accordion.default\">\n\t\t\t\t<div class=\"elementor-widget-container\">\n\t\t\t\t\t<div class=\"thim-widget-accordion accordion-new-style\"><h3 class=\"widget-title\">Purchases & Refunds<\/h3><div id=\"accordion_04a496f\" class=\"panel-group\" role=\"tablist\" aria-multiselectable=\"true\">\n\t\t\t<div class=\"panel panel-default\">\n\t\t\t\t<div class=\"panel-heading\" role=\"tab\"\n\t\t\t\t\t id=\"heading_accordion_04a496f_0\">\n\t\t\t\t\t<h4 class=\"panel-title\">\n\t\t\t\t\t\t<a role=\"button\" class=\"collapsed\" data-toggle=\"collapse\"\n\t\t\t\t\t\t   data-parent=\"#accordion_04a496f\"\n\t\t\t\t\t\t   href=\"#collapse_accordion_04a496f_0\" aria-expanded=\"false\"\n\t\t\t\t\t\t   aria-controls=\"collapse_accordion_04a496f_0\">\n\t\t\t\t\t\t\tWhy won&#039;t my payment go through?\t\t\t\t\t\t<\/a>\n\t\t\t\t\t<\/h4>\n\t\t\t\t<\/div>\n\t\t\t\t<div id=\"collapse_accordion_04a496f_0\"\n\t\t\t\t\t class=\"panel-collapse collapse\"\n\t\t\t\t\t role=\"tabpanel\" aria-labelledby=\"heading_accordion_04a496f_0\">\n\t\t\t\t\t<div class=\"panel-body\">\n\t\t\t\t\t\t<p>Lorem Ipsum is simply dummy text of the printing and typesetting industry. Lorem Ipsum has been the industry's standard dummy text ever since the 1500s, when an unknown printer took a galley of type and scrambled it to make a type specimen book.<\/p>\n\t\t\t\t\t<\/div>\n\t\t\t\t<\/div>\n\t\t\t<\/div>\n\n\t\t\n\t\t\t<div class=\"panel panel-default\">\n\t\t\t\t<div class=\"panel-heading\" role=\"tab\"\n\t\t\t\t\t id=\"heading_accordion_04a496f_1\">\n\t\t\t\t\t<h4 class=\"panel-title\">\n\t\t\t\t\t\t<a role=\"button\" class=\"collapsed\" data-toggle=\"collapse\"\n\t\t\t\t\t\t   data-parent=\"#accordion_04a496f\"\n\t\t\t\t\t\t   href=\"#collapse_accordion_04a496f_1\" aria-expanded=\"false\"\n\t\t\t\t\t\t   aria-controls=\"collapse_accordion_04a496f_1\">\n\t\t\t\t\t\t\tHow do I get a refund?\t\t\t\t\t\t<\/a>\n\t\t\t\t\t<\/h4>\n\t\t\t\t<\/div>\n\t\t\t\t<div id=\"collapse_accordion_04a496f_1\"\n\t\t\t\t\t class=\"panel-collapse collapse\"\n\t\t\t\t\t role=\"tabpanel\" aria-labelledby=\"heading_accordion_04a496f_1\">\n\t\t\t\t\t<div class=\"panel-body\">\n\t\t\t\t\t\t<p>There are many variations of passages of Lorem Ipsum available, but the majority have suffered alteration in some form, by injected humour, or randomised words which don't look even slightly believable.<\/p>\n\t\t\t\t\t<\/div>\n\t\t\t\t<\/div>\n\t\t\t<\/div>\n\n\t\t\n\t\t\t<div class=\"panel panel-default\">\n\t\t\t\t<div class=\"panel-heading\" role=\"tab\"\n\t\t\t\t\t id=\"heading_accordion_04a496f_2\">\n\t\t\t\t\t<h4 class=\"panel-title\">\n\t\t\t\t\t\t<a role=\"button\" class=\"collapsed\" data-toggle=\"collapse\"\n\t\t\t\t\t\t   data-parent=\"#accordion_04a496f\"\n\t\t\t\t\t\t   href=\"#collapse_accordion_04a496f_2\" aria-expanded=\"false\"\n\t\t\t\t\t\t   aria-controls=\"collapse_accordion_04a496f_2\">\n\t\t\t\t\t\t\tHow do I redeem a coupon?\t\t\t\t\t\t<\/a>\n\t\t\t\t\t<\/h4>\n\t\t\t\t<\/div>\n\t\t\t\t<div id=\"collapse_accordion_04a496f_2\"\n\t\t\t\t\t class=\"panel-collapse collapse\"\n\t\t\t\t\t role=\"tabpanel\" aria-labelledby=\"heading_accordion_04a496f_2\">\n\t\t\t\t\t<div class=\"panel-body\">\n\t\t\t\t\t\t<p>C'est un fait \u00e9tabli depuis longtemps qu'un lecteur sera distrait par le contenu lisible d'une page lorsqu'il examinera sa mise en page. L'int\u00e9r\u00eat d'utiliser le Lorem Ipsum est qu'il a une distribution de lettres plus ou moins normale, par opposition \u00e0 l'utilisation de \u00ab\u00a0Contenu ici, contenu ici\u00a0\u00bb, ce qui donne l'impression qu'il s'agit d'un fran\u00e7ais lisible.<\/p>\n\t\t\t\t\t<\/div>\n\t\t\t\t<\/div>\n\t\t\t<\/div>\n\n\t\t<\/div><\/div>\t\t\t\t<\/div>\n\t\t\t\t<\/div>\n\t\t\t\t\t<\/div>\n\t\t<\/div>\n\t\t\t\t<div class=\"elementor-column elementor-col-50 elementor-top-column elementor-element elementor-element-f9fc1c8\" data-id=\"f9fc1c8\" data-element_type=\"column\" data-e-type=\"column\">\n\t\t\t<div class=\"elementor-widget-wrap elementor-element-populated\">\n\t\t\t\t\t\t<div class=\"elementor-element elementor-element-db3aa8d elementor-widget elementor-widget-thim-accordion\" data-id=\"db3aa8d\" data-element_type=\"widget\" data-e-type=\"widget\" data-settings=\"{&quot;ekit_we_effect_on&quot;:&quot;none&quot;}\" data-widget_type=\"thim-accordion.default\">\n\t\t\t\t<div class=\"elementor-widget-container\">\n\t\t\t\t\t<div class=\"thim-widget-accordion accordion-new-style\"><h3 class=\"widget-title\">Making Courses<\/h3><div id=\"accordion_db3aa8d\" class=\"panel-group\" role=\"tablist\" aria-multiselectable=\"true\">\n\t\t\t<div class=\"panel panel-default\">\n\t\t\t\t<div class=\"panel-heading\" role=\"tab\"\n\t\t\t\t\t id=\"heading_accordion_db3aa8d_0\">\n\t\t\t\t\t<h4 class=\"panel-title\">\n\t\t\t\t\t\t<a role=\"button\" class=\"collapsed\" data-toggle=\"collapse\"\n\t\t\t\t\t\t   data-parent=\"#accordion_db3aa8d\"\n\t\t\t\t\t\t   href=\"#collapse_accordion_db3aa8d_0\" aria-expanded=\"false\"\n\t\t\t\t\t\t   aria-controls=\"collapse_accordion_db3aa8d_0\">\n\t\t\t\t\t\t\tChanging account name\t\t\t\t\t\t<\/a>\n\t\t\t\t\t<\/h4>\n\t\t\t\t<\/div>\n\t\t\t\t<div id=\"collapse_accordion_db3aa8d_0\"\n\t\t\t\t\t class=\"panel-collapse collapse\"\n\t\t\t\t\t role=\"tabpanel\" aria-labelledby=\"heading_accordion_db3aa8d_0\">\n\t\t\t\t\t<div class=\"panel-body\">\n\t\t\t\t\t\t<p>Lorem Ipsum is simply dummy text of the printing and typesetting industry. Lorem Ipsum has been the industry's standard dummy text ever since the 1500s, when an unknown printer took a galley of type and scrambled it to make a type specimen book.<\/p>\n\t\t\t\t\t<\/div>\n\t\t\t\t<\/div>\n\t\t\t<\/div>\n\n\t\t\n\t\t\t<div class=\"panel panel-default\">\n\t\t\t\t<div class=\"panel-heading\" role=\"tab\"\n\t\t\t\t\t id=\"heading_accordion_db3aa8d_1\">\n\t\t\t\t\t<h4 class=\"panel-title\">\n\t\t\t\t\t\t<a role=\"button\" class=\"collapsed\" data-toggle=\"collapse\"\n\t\t\t\t\t\t   data-parent=\"#accordion_db3aa8d\"\n\t\t\t\t\t\t   href=\"#collapse_accordion_db3aa8d_1\" aria-expanded=\"false\"\n\t\t\t\t\t\t   aria-controls=\"collapse_accordion_db3aa8d_1\">\n\t\t\t\t\t\t\tHow do I unsubscribe from EDUMA e-mails?\t\t\t\t\t\t<\/a>\n\t\t\t\t\t<\/h4>\n\t\t\t\t<\/div>\n\t\t\t\t<div id=\"collapse_accordion_db3aa8d_1\"\n\t\t\t\t\t class=\"panel-collapse collapse\"\n\t\t\t\t\t role=\"tabpanel\" aria-labelledby=\"heading_accordion_db3aa8d_1\">\n\t\t\t\t\t<div class=\"panel-body\">\n\t\t\t\t\t\t<p>There are many variations of passages of Lorem Ipsum available, but the majority have suffered alteration in some form, by injected humour, or randomised words which don't look even slightly believable.<\/p>\n\t\t\t\t\t<\/div>\n\t\t\t\t<\/div>\n\t\t\t<\/div>\n\n\t\t\n\t\t\t<div class=\"panel panel-default\">\n\t\t\t\t<div class=\"panel-heading\" role=\"tab\"\n\t\t\t\t\t id=\"heading_accordion_db3aa8d_2\">\n\t\t\t\t\t<h4 class=\"panel-title\">\n\t\t\t\t\t\t<a role=\"button\" class=\"collapsed\" data-toggle=\"collapse\"\n\t\t\t\t\t\t   data-parent=\"#accordion_db3aa8d\"\n\t\t\t\t\t\t   href=\"#collapse_accordion_db3aa8d_2\" aria-expanded=\"false\"\n\t\t\t\t\t\t   aria-controls=\"collapse_accordion_db3aa8d_2\">\n\t\t\t\t\t\t\tHow do I change my password?\t\t\t\t\t\t<\/a>\n\t\t\t\t\t<\/h4>\n\t\t\t\t<\/div>\n\t\t\t\t<div id=\"collapse_accordion_db3aa8d_2\"\n\t\t\t\t\t class=\"panel-collapse collapse\"\n\t\t\t\t\t role=\"tabpanel\" aria-labelledby=\"heading_accordion_db3aa8d_2\">\n\t\t\t\t\t<div class=\"panel-body\">\n\t\t\t\t\t\t<p>C'est un fait \u00e9tabli depuis longtemps qu'un lecteur sera distrait par le contenu lisible d'une page lorsqu'il examinera sa mise en page. L'int\u00e9r\u00eat d'utiliser le Lorem Ipsum est qu'il a une distribution de lettres plus ou moins normale, par opposition \u00e0 l'utilisation de \u00ab\u00a0Contenu ici, contenu ici\u00a0\u00bb, ce qui donne l'impression qu'il s'agit d'un fran\u00e7ais lisible.<\/p>\n\t\t\t\t\t<\/div>\n\t\t\t\t<\/div>\n\t\t\t<\/div>\n\n\t\t<\/div><\/div>\t\t\t\t<\/div>\n\t\t\t\t<\/div>\n\t\t\t\t\t<\/div>\n\t\t<\/div>\n\t\t\t\t\t<\/div>\n\t\t<\/section>\n\t\t\t\t<section class=\"elementor-section elementor-top-section elementor-element elementor-element-e256de1 elementor-section-stretched elementor-section-content-middle elementor-section-boxed elementor-section-height-default elementor-section-height-default\" data-id=\"e256de1\" data-element_type=\"section\" data-e-type=\"section\" data-settings=\"{&quot;stretch_section&quot;:&quot;section-stretched&quot;,&quot;background_background&quot;:&quot;classic&quot;,&quot;ekit_has_onepagescroll_dot&quot;:&quot;yes&quot;}\">\n\t\t\t\t\t\t\t<div class=\"elementor-background-overlay\"><\/div>\n\t\t\t\t\t\t\t<div class=\"elementor-container elementor-column-gap-default\">\n\t\t\t\t\t<div class=\"elementor-column elementor-col-50 elementor-top-column elementor-element elementor-element-5b388b2\" data-id=\"5b388b2\" data-element_type=\"column\" data-e-type=\"column\">\n\t\t\t<div class=\"elementor-widget-wrap elementor-element-populated\">\n\t\t\t\t\t\t<div class=\"elementor-element elementor-element-b689269 elementor-widget thim-ekits-heading elementor-widget-thim-heading\" data-id=\"b689269\" data-element_type=\"widget\" data-e-type=\"widget\" data-settings=\"{&quot;ekit_we_effect_on&quot;:&quot;none&quot;}\" data-widget_type=\"thim-heading.default\">\n\t\t\t\t<div class=\"elementor-widget-container\">\n\t\t\t\t\t<div class=\"sc_heading\"><h2 class=\"title\">If You Have Any Questions  You Can Call Me 24\/7<\/h2><\/div>\t\t\t\t<\/div>\n\t\t\t\t<\/div>\n\t\t\t\t\t<\/div>\n\t\t<\/div>\n\t\t\t\t<div class=\"elementor-column elementor-col-50 elementor-top-column elementor-element elementor-element-9a023de\" data-id=\"9a023de\" data-element_type=\"column\" data-e-type=\"column\">\n\t\t\t<div class=\"elementor-widget-wrap elementor-element-populated\">\n\t\t\t\t\t\t<div class=\"elementor-element elementor-element-74ee2a8 elementor-widget thim-widget-button\" data-id=\"74ee2a8\" data-element_type=\"widget\" data-e-type=\"widget\" data-settings=\"{&quot;ekit_we_effect_on&quot;:&quot;none&quot;}\" data-widget_type=\"thim-button.default\">\n\t\t\t\t<div class=\"elementor-widget-container\">\n\t\t\t\t\t<a class=\"widget-button normal\" href=\"#\" target=\"_blank\" rel=\"nofollow\">Call us now<\/a>\t\t\t\t<\/div>\n\t\t\t\t<\/div>\n\t\t\t\t\t<\/div>\n\t\t<\/div>\n\t\t\t\t\t<\/div>\n\t\t<\/section>\n\t\t\t\t<section class=\"elementor-section elementor-top-section elementor-element elementor-element-d8653e5 elementor-section-stretched elementor-section-boxed elementor-section-height-default elementor-section-height-default\" data-id=\"d8653e5\" data-element_type=\"section\" data-e-type=\"section\" data-settings=\"{&quot;stretch_section&quot;:&quot;section-stretched&quot;,&quot;ekit_has_onepagescroll_dot&quot;:&quot;yes&quot;}\">\n\t\t\t\t\t\t<div class=\"elementor-container elementor-column-gap-default\">\n\t\t\t\t\t<div class=\"elementor-column elementor-col-50 elementor-top-column elementor-element elementor-element-9a238d9 faq_step\" data-id=\"9a238d9\" data-element_type=\"column\" data-e-type=\"column\" data-settings=\"{&quot;background_background&quot;:&quot;classic&quot;}\">\n\t\t\t<div class=\"elementor-widget-wrap elementor-element-populated\">\n\t\t\t\t\t\t<div class=\"elementor-element elementor-element-0f5d996 elementor-widget thim-ekits-heading elementor-widget-thim-heading\" data-id=\"0f5d996\" data-element_type=\"widget\" data-e-type=\"widget\" data-settings=\"{&quot;ekit_we_effect_on&quot;:&quot;none&quot;}\" data-widget_type=\"thim-heading.default\">\n\t\t\t\t<div class=\"elementor-widget-container\">\n\t\t\t\t\t<div class=\"sc_heading\"><h3 class=\"title\">Take the First Step<\/h3><div class=\"sub-heading\"><p>Lorem ipsum dolor sit amet, consectetur adipiscing elit, sed do eiusmod tempor incididunt ut labore et dolore magna aliqua.<\/p>\n<\/div><\/div>\t\t\t\t<\/div>\n\t\t\t\t<\/div>\n\t\t\t\t<div class=\"elementor-element elementor-element-0718d35 iconbox-text-left elementor-widget elementor-widget-thim-icon-box\" data-id=\"0718d35\" data-element_type=\"widget\" data-e-type=\"widget\" data-settings=\"{&quot;ekit_we_effect_on&quot;:&quot;none&quot;}\" data-widget_type=\"thim-icon-box.default\">\n\t\t\t\t<div class=\"elementor-widget-container\">\n\t\t\t\t\t<div class=\"thim-widget-icon-box\"><div class=\"wrapper-box-icon layout_text_number text-left\"><div class=\"smicon-box iconbox-left\"><div class=\"boxes-icon\"><span class=\"inner-icon\"><span class=\"text-number-icon\">01<\/span><\/span><\/div><div class=\"content-inner\"><div class=\"sc-heading\"><h3 class=\"heading__primary\">Forward Thinking<\/h3><\/div><div class=\"desc-icon-box\"><div class=\"desc-content\">Lorem ipsum dolor sit amet, consectetur adipiscing elit, sed do eiusmod<\/div><\/div><\/div><\/div><\/div><\/div>\t\t\t\t<\/div>\n\t\t\t\t<\/div>\n\t\t\t\t<div class=\"elementor-element elementor-element-3aa1c40 iconbox-text-left elementor-widget elementor-widget-thim-icon-box\" data-id=\"3aa1c40\" data-element_type=\"widget\" data-e-type=\"widget\" data-settings=\"{&quot;ekit_we_effect_on&quot;:&quot;none&quot;}\" data-widget_type=\"thim-icon-box.default\">\n\t\t\t\t<div class=\"elementor-widget-container\">\n\t\t\t\t\t<div class=\"thim-widget-icon-box\"><div class=\"wrapper-box-icon layout_text_number text-left\"><div class=\"smicon-box iconbox-left\"><div class=\"boxes-icon\"><span class=\"inner-icon\"><span class=\"text-number-icon\">02<\/span><\/span><\/div><div class=\"content-inner\"><div class=\"sc-heading\"><h3 class=\"heading__primary\">Actionable Content<\/h3><\/div><div class=\"desc-icon-box\"><div class=\"desc-content\">Lorem ipsum dolor sit amet, consectetur adipiscing elit, sed do eiusmod<\/div><\/div><\/div><\/div><\/div><\/div>\t\t\t\t<\/div>\n\t\t\t\t<\/div>\n\t\t\t\t<div class=\"elementor-element elementor-element-44e0d50 iconbox-text-left elementor-widget elementor-widget-thim-icon-box\" data-id=\"44e0d50\" data-element_type=\"widget\" data-e-type=\"widget\" data-settings=\"{&quot;ekit_we_effect_on&quot;:&quot;none&quot;}\" data-widget_type=\"thim-icon-box.default\">\n\t\t\t\t<div class=\"elementor-widget-container\">\n\t\t\t\t\t<div class=\"thim-widget-icon-box\"><div class=\"wrapper-box-icon layout_text_number text-left\"><div class=\"smicon-box iconbox-left\"><div class=\"boxes-icon\"><span class=\"inner-icon\"><span class=\"text-number-icon\">03<\/span><\/span><\/div><div class=\"content-inner\"><div class=\"sc-heading\"><h3 class=\"heading__primary\">Forward Thinking<\/h3><\/div><div class=\"desc-icon-box\"><div class=\"desc-content\">Lorem ipsum dolor sit amet, consectetur adipiscing elit, sed do eiusmod<\/div><\/div><\/div><\/div><\/div><\/div>\t\t\t\t<\/div>\n\t\t\t\t<\/div>\n\t\t\t\t\t<\/div>\n\t\t<\/div>\n\t\t\t\t<div class=\"elementor-column elementor-col-50 elementor-top-column elementor-element elementor-element-fee6ed3\" data-id=\"fee6ed3\" data-element_type=\"column\" data-e-type=\"column\" data-settings=\"{&quot;background_background&quot;:&quot;classic&quot;}\">\n\t\t\t<div class=\"elementor-widget-wrap elementor-element-populated\">\n\t\t\t\t\t\t<div class=\"elementor-element elementor-element-c0946bf elementor-widget thim-ekits-heading elementor-widget-thim-heading\" data-id=\"c0946bf\" data-element_type=\"widget\" data-e-type=\"widget\" data-settings=\"{&quot;ekit_we_effect_on&quot;:&quot;none&quot;}\" data-widget_type=\"thim-heading.default\">\n\t\t\t\t<div class=\"elementor-widget-container\">\n\t\t\t\t\t<div class=\"sc_heading\"><h3 class=\"title\">Didn't find the answer?<\/h3><\/div>\t\t\t\t<\/div>\n\t\t\t\t<\/div>\n\t\t\t\t<div class=\"elementor-element elementor-element-825397a faqs-ct7 elementor-widget elementor-widget-thim-ekits-contact-form-7\" data-id=\"825397a\" data-element_type=\"widget\" data-e-type=\"widget\" data-settings=\"{&quot;ekit_we_effect_on&quot;:&quot;none&quot;}\" data-widget_type=\"thim-ekits-contact-form-7.default\">\n\t\t\t\t<div class=\"elementor-widget-container\">\n\t\t\t\t\t\t\t\t<div class=\"thim-ekit-wpcf7\">\n\t\t\t\t\n<div class=\"wpcf7 no-js\" id=\"wpcf7-f16730-o1\" lang=\"en-US\" dir=\"ltr\" data-wpcf7-id=\"16730\">\n<div class=\"screen-reader-response\"><p role=\"status\" aria-live=\"polite\" aria-atomic=\"true\"><\/p> <ul><\/ul><\/div>\n<form action=\"\/fr\/wp-json\/wp\/v2\/pages\/91#wpcf7-f16730-o1\" method=\"post\" class=\"wpcf7-form init\" aria-label=\"Contact form\" novalidate=\"novalidate\" data-status=\"init\" data-trp-original-action=\"\/fr\/wp-json\/wp\/v2\/pages\/91#wpcf7-f16730-o1\">\n<fieldset class=\"hidden-fields-container\"><input type=\"hidden\" name=\"_wpcf7\" value=\"16730\" \/><input type=\"hidden\" name=\"_wpcf7_version\" value=\"6.1.5\" \/><input type=\"hidden\" name=\"_wpcf7_locale\" value=\"en_US\" \/><input type=\"hidden\" name=\"_wpcf7_unit_tag\" value=\"wpcf7-f16730-o1\" \/><input type=\"hidden\" name=\"_wpcf7_container_post\" value=\"0\" \/><input type=\"hidden\" name=\"_wpcf7_posted_data_hash\" value=\"\" \/><input type=\"hidden\" name=\"_wpcf7_recaptcha_response\" value=\"\" \/>\n<\/fieldset>\n<p><span class=\"wpcf7-form-control-wrap\" data-name=\"your-name\"><input size=\"40\" maxlength=\"400\" class=\"wpcf7-form-control wpcf7-text\" aria-invalid=\"false\" placeholder=\"Nom\" value=\"\" type=\"text\" name=\"your-name\" \/><\/span>\n<\/p>\n<p><span class=\"wpcf7-form-control-wrap\" data-name=\"tel-81\"><input size=\"40\" maxlength=\"400\" class=\"wpcf7-form-control wpcf7-tel wpcf7-validates-as-required wpcf7-text wpcf7-validates-as-tel\" aria-required=\"true\" aria-invalid=\"false\" placeholder=\"Phone *\" value=\"\" type=\"tel\" name=\"tel-81\" \/><\/span>\n<\/p>\n<p><span class=\"wpcf7-form-control-wrap\" data-name=\"your-email\"><input size=\"40\" maxlength=\"400\" class=\"wpcf7-form-control wpcf7-email wpcf7-validates-as-required wpcf7-text wpcf7-validates-as-email\" aria-required=\"true\" aria-invalid=\"false\" placeholder=\"Email *\" value=\"\" type=\"email\" name=\"your-email\" \/><\/span>\n<\/p>\n<p><span class=\"wpcf7-form-control-wrap\" data-name=\"your-subject\"><input size=\"40\" maxlength=\"400\" class=\"wpcf7-form-control wpcf7-text wpcf7-validates-as-required\" aria-required=\"true\" aria-invalid=\"false\" placeholder=\"Objet\" value=\"\" type=\"text\" name=\"your-subject\" \/><\/span>\n<\/p>\n<p><span class=\"wpcf7-form-control-wrap\" data-name=\"your-message\"><textarea cols=\"40\" rows=\"10\" maxlength=\"2000\" class=\"wpcf7-form-control wpcf7-textarea\" aria-invalid=\"false\" placeholder=\"Message *\" name=\"your-message\"><\/textarea><\/span>\n<\/p>\n<p><label>Recaptcha<br \/>\n\t<span class=\"wpcf7-form-control-wrap recaptcha\" data-name=\"recaptcha\"><span data-sitekey=\"6Lda_jgpAAAAAKzvt0rO5kitgqLGP4HkRAnTxq2p\" class=\"wpcf7-form-control wpcf7-recaptcha g-recaptcha\"><\/span>\r\n<noscript>\r\n\t<div class=\"grecaptcha-noscript\">\r\n\t\t<iframe src=\"https:\/\/www.google.com\/recaptcha\/api\/fallback?k=6Lda_jgpAAAAAKzvt0rO5kitgqLGP4HkRAnTxq2p\" frameborder=\"0\" scrolling=\"no\" width=\"310\" height=\"430\">\r\n\t\t<\/iframe>\r\n\t\t<textarea name=\"g-recaptcha-response\" rows=\"3\" cols=\"40\" placeholder=\"reCaptcha Response Here\">\r\n\t\t<\/textarea>\r\n\t<\/div>\r\n<\/noscript>\r\n<\/span><br \/>\n<\/label>\n<\/p>\n<p><input class=\"wpcf7-form-control wpcf7-submit has-spinner\" type=\"submit\" value=\"Envoyez\" \/>\n<\/p><div class=\"wpcf7-response-output\" aria-hidden=\"true\"><\/div>\n<input type=\"hidden\" name=\"trp-form-language\" value=\"fr\"\/><\/form>\n<\/div>\n\t\t\t<\/div>\n\t\t\t\t\t\t<\/div>\n\t\t\t\t<\/div>\n\t\t\t\t\t<\/div>\n\t\t<\/div>\n\t\t\t\t\t<\/div>\n\t\t<\/section>\n\t\t\t\t<\/div>","protected":false},"excerpt":{"rendered":"<p>Purchases &#038; Refunds Why won&#039;t my payment go through? Lorem Ipsum is simply dummy text of the printing and typesetting industry. Lorem Ipsum has been the industry&#8217;s standard dummy text ever since the 1500s, when an unknown printer took a &hellip; <\/p>","protected":false},"author":1,"featured_media":0,"parent":0,"menu_order":0,"comment_status":"closed","ping_status":"closed","template":"","meta":{"footnotes":""},"class_list":["post-91","page","type-page","status-publish","hentry"],"yoast_head":"<!-- This site is optimized with the Yoast SEO plugin v27.3 - https:\/\/yoast.com\/product\/yoast-seo-wordpress\/ -->\n<title>FAQs - Arab-africain center for training &amp; developpement<\/title>\n<meta name=\"robots\" content=\"index, follow, max-snippet:-1, max-image-preview:large, max-video-preview:-1\" \/>\n<link rel=\"canonical\" href=\"http:\/\/www.cf2ad.tn\/fr\/faqs\/\" \/>\n<meta property=\"og:locale\" content=\"fr_FR\" \/>\n<meta property=\"og:type\" content=\"article\" \/>\n<meta property=\"og:title\" content=\"FAQs - Arab-africain center for training &amp; developpement\" \/>\n<meta property=\"og:description\" content=\"Purchases &#038; Refunds Why won&#039;t my payment go through? Lorem Ipsum is simply dummy text of the printing and typesetting industry. Lorem Ipsum has been the industry&#8217;s standard dummy text ever since the 1500s, when an unknown printer took a &hellip;\" \/>\n<meta property=\"og:url\" content=\"http:\/\/www.cf2ad.tn\/fr\/faqs\/\" \/>\n<meta property=\"og:site_name\" content=\"Arab-africain center for training &amp; developpement\" \/>\n<meta name=\"twitter:card\" content=\"summary_large_image\" \/>\n<meta name=\"twitter:label1\" content=\"Dur\u00e9e de lecture estim\u00e9e\" \/>\n\t<meta name=\"twitter:data1\" content=\"2 minutes\" \/>\n<script type=\"application\/ld+json\" class=\"yoast-schema-graph\">{\"@context\":\"https:\\\/\\\/schema.org\",\"@graph\":[{\"@type\":\"WebPage\",\"@id\":\"https:\\\/\\\/www.cf2ad.tn\\\/faqs\\\/\",\"url\":\"https:\\\/\\\/www.cf2ad.tn\\\/faqs\\\/\",\"name\":\"FAQs - Arab-africain center for training &amp; developpement\",\"isPartOf\":{\"@id\":\"https:\\\/\\\/www.cf2ad.tn\\\/#website\"},\"datePublished\":\"2015-10-22T03:26:46+00:00\",\"breadcrumb\":{\"@id\":\"https:\\\/\\\/www.cf2ad.tn\\\/faqs\\\/#breadcrumb\"},\"inLanguage\":\"fr-FR\",\"potentialAction\":[{\"@type\":\"ReadAction\",\"target\":[\"https:\\\/\\\/www.cf2ad.tn\\\/faqs\\\/\"]}]},{\"@type\":\"BreadcrumbList\",\"@id\":\"https:\\\/\\\/www.cf2ad.tn\\\/faqs\\\/#breadcrumb\",\"itemListElement\":[{\"@type\":\"ListItem\",\"position\":1,\"name\":\"Home\",\"item\":\"https:\\\/\\\/www.cf2ad.tn\\\/\"},{\"@type\":\"ListItem\",\"position\":2,\"name\":\"FAQs\"}]},{\"@type\":\"WebSite\",\"@id\":\"https:\\\/\\\/www.cf2ad.tn\\\/#website\",\"url\":\"https:\\\/\\\/www.cf2ad.tn\\\/\",\"name\":\"Arab-africain center for training &amp; developpement\",\"description\":\"Arab-africain center for training &amp; developpement\",\"potentialAction\":[{\"@type\":\"SearchAction\",\"target\":{\"@type\":\"EntryPoint\",\"urlTemplate\":\"https:\\\/\\\/www.cf2ad.tn\\\/?s={search_term_string}\"},\"query-input\":{\"@type\":\"PropertyValueSpecification\",\"valueRequired\":true,\"valueName\":\"search_term_string\"}}],\"inLanguage\":\"fr-FR\"}]}<\/script>\n<!-- \/ Yoast SEO plugin. -->","yoast_head_json":{"title":"FAQs - Arab-africain center for training &amp; developpement","robots":{"index":"index","follow":"follow","max-snippet":"max-snippet:-1","max-image-preview":"max-image-preview:large","max-video-preview":"max-video-preview:-1"},"canonical":"http:\/\/www.cf2ad.tn\/fr\/faqs\/","og_locale":"fr_FR","og_type":"article","og_title":"FAQs - Arab-africain center for training &amp; developpement","og_description":"Purchases &#038; Refunds Why won&#039;t my payment go through? Lorem Ipsum is simply dummy text of the printing and typesetting industry. Lorem Ipsum has been the industry&#8217;s standard dummy text ever since the 1500s, when an unknown printer took a &hellip;","og_url":"http:\/\/www.cf2ad.tn\/fr\/faqs\/","og_site_name":"Arab-africain center for training &amp; developpement","twitter_card":"summary_large_image","twitter_misc":{"Dur\u00e9e de lecture estim\u00e9e":"2 minutes"},"schema":{"@context":"https:\/\/schema.org","@graph":[{"@type":"WebPage","@id":"https:\/\/www.cf2ad.tn\/faqs\/","url":"https:\/\/www.cf2ad.tn\/faqs\/","name":"FAQs - Arab-africain center for training &amp; developpement","isPartOf":{"@id":"https:\/\/www.cf2ad.tn\/#website"},"datePublished":"2015-10-22T03:26:46+00:00","breadcrumb":{"@id":"https:\/\/www.cf2ad.tn\/faqs\/#breadcrumb"},"inLanguage":"fr-FR","potentialAction":[{"@type":"ReadAction","target":["https:\/\/www.cf2ad.tn\/faqs\/"]}]},{"@type":"BreadcrumbList","@id":"https:\/\/www.cf2ad.tn\/faqs\/#breadcrumb","itemListElement":[{"@type":"ListItem","position":1,"name":"Home","item":"https:\/\/www.cf2ad.tn\/"},{"@type":"ListItem","position":2,"name":"FAQs"}]},{"@type":"WebSite","@id":"https:\/\/www.cf2ad.tn\/#website","url":"https:\/\/www.cf2ad.tn\/","name":"Arab-africain center for training &amp; developpement","description":"Arab-africain center for training &amp; developpement","potentialAction":[{"@type":"SearchAction","target":{"@type":"EntryPoint","urlTemplate":"https:\/\/www.cf2ad.tn\/?s={search_term_string}"},"query-input":{"@type":"PropertyValueSpecification","valueRequired":true,"valueName":"search_term_string"}}],"inLanguage":"fr-FR"}]}},"_links":{"self":[{"href":"http:\/\/www.cf2ad.tn\/fr\/wp-json\/wp\/v2\/pages\/91","targetHints":{"allow":["GET"]}}],"collection":[{"href":"http:\/\/www.cf2ad.tn\/fr\/wp-json\/wp\/v2\/pages"}],"about":[{"href":"http:\/\/www.cf2ad.tn\/fr\/wp-json\/wp\/v2\/types\/page"}],"author":[{"embeddable":true,"href":"http:\/\/www.cf2ad.tn\/fr\/wp-json\/wp\/v2\/users\/1"}],"replies":[{"embeddable":true,"href":"http:\/\/www.cf2ad.tn\/fr\/wp-json\/wp\/v2\/comments?post=91"}],"version-history":[{"count":0,"href":"http:\/\/www.cf2ad.tn\/fr\/wp-json\/wp\/v2\/pages\/91\/revisions"}],"wp:attachment":[{"href":"http:\/\/www.cf2ad.tn\/fr\/wp-json\/wp\/v2\/media?parent=91"}],"curies":[{"name":"wp","href":"https:\/\/api.w.org\/{rel}","templated":true}]}}