{"id":2780,"date":"2015-11-03T02:46:28","date_gmt":"2015-11-03T02:46:28","guid":{"rendered":"http:\/\/demo.thimpress.com\/eduma\/?page_id=2780"},"modified":"2023-12-31T03:42:16","modified_gmt":"2023-12-31T02:42:16","slug":"become-a-teacher","status":"publish","type":"page","link":"http:\/\/www.cf2ad.tn\/fr\/become-a-teacher\/","title":{"rendered":"Devenir enseignant"},"content":{"rendered":"<div data-elementor-type=\"wp-page\" data-elementor-id=\"2780\" class=\"elementor elementor-2780\">\n\t\t\t\t\t\t<section class=\"elementor-section elementor-top-section elementor-element elementor-element-ef5fe4b elementor-section-boxed elementor-section-height-default elementor-section-height-default\" data-id=\"ef5fe4b\" data-element_type=\"section\" data-e-type=\"section\" data-settings=\"{&quot;ekit_has_onepagescroll_dot&quot;:&quot;yes&quot;}\">\n\t\t\t\t\t\t<div class=\"elementor-container elementor-column-gap-no\">\n\t\t\t\t\t<div class=\"elementor-column elementor-col-100 elementor-top-column elementor-element elementor-element-dcdc7a9\" data-id=\"dcdc7a9\" data-element_type=\"column\" data-e-type=\"column\">\n\t\t\t<div class=\"elementor-widget-wrap elementor-element-populated\">\n\t\t\t\t\t\t<div class=\"elementor-element elementor-element-7dcf409 thim-ekits-heading-text-center elementor-widget thim-ekits-heading elementor-widget-thim-heading\" data-id=\"7dcf409\" data-element_type=\"widget\" data-e-type=\"widget\" data-settings=\"{&quot;ekit_we_effect_on&quot;:&quot;none&quot;}\" data-widget_type=\"thim-heading.default\">\n\t\t\t\t<div class=\"elementor-widget-container\">\n\t\t\t\t\t<div class=\"sc_heading text-center\"><h3 class=\"title\">Postuler en tant que formateur<\/h3><div class=\"sub-heading\"><p>Nous vous aimons, nous sommes heureux de vous voir rejoindre notre famille de formateur<\/p>\n<\/div><span class=\"line\"><\/span><\/div>\t\t\t\t<\/div>\n\t\t\t\t<\/div>\n\t\t\t\t\t<\/div>\n\t\t<\/div>\n\t\t\t\t\t<\/div>\n\t\t<\/section>\n\t\t\t\t<section class=\"elementor-section elementor-top-section elementor-element elementor-element-c7807e6 elementor-section-boxed elementor-section-height-default elementor-section-height-default\" data-id=\"c7807e6\" data-element_type=\"section\" data-e-type=\"section\" data-settings=\"{&quot;ekit_has_onepagescroll_dot&quot;:&quot;yes&quot;}\">\n\t\t\t\t\t\t<div class=\"elementor-container elementor-column-gap-no\">\n\t\t\t\t\t<div class=\"elementor-column elementor-col-100 elementor-top-column elementor-element elementor-element-0451d5b\" data-id=\"0451d5b\" data-element_type=\"column\" data-e-type=\"column\">\n\t\t\t<div class=\"elementor-widget-wrap elementor-element-populated\">\n\t\t\t\t\t\t<div class=\"elementor-element elementor-element-2463128 elementor-widget elementor-widget-text-editor\" data-id=\"2463128\" data-element_type=\"widget\" data-e-type=\"widget\" data-settings=\"{&quot;ekit_we_effect_on&quot;:&quot;none&quot;}\" data-widget_type=\"text-editor.default\">\n\t\t\t\t<div class=\"elementor-widget-container\">\n\t\t\t\t\t\t\t\t\t<p data-sourcepos=\"1:1-1:117\">Les \u00e9tapes sp\u00e9cifiques pour devenir instructeur dans votre centre de formation varieront en fonction de plusieurs facteurs, notamment :<\/p><p data-sourcepos=\"3:1-4:162\"><strong>Le type de formation que vous souhaitez dispenser :<\/strong> Diff\u00e9rents domaines peuvent avoir des exigences diff\u00e9rentes pour les instructeurs. Par exemple, devenir instructeur en RCR n\u00e9cessiterait des qualifications diff\u00e9rentes de celles requises pour devenir instructeur en d\u00e9veloppement de logiciels. <strong>Les politiques et proc\u00e9dures de notre centre de formation :<\/strong> Chaque centre de formation aura ses propres exigences sp\u00e9cifiques et son propre processus de candidature pour les nouveaux instructeurs.<\/p>\t\t\t\t\t\t\t\t<\/div>\n\t\t\t\t<\/div>\n\t\t\t\t\t<\/div>\n\t\t<\/div>\n\t\t\t\t\t<\/div>\n\t\t<\/section>\n\t\t\t\t<section class=\"elementor-section elementor-top-section elementor-element elementor-element-b01b394 elementor-section-boxed elementor-section-height-default elementor-section-height-default\" data-id=\"b01b394\" data-element_type=\"section\" data-e-type=\"section\" data-settings=\"{&quot;ekit_has_onepagescroll_dot&quot;:&quot;yes&quot;}\">\n\t\t\t\t\t\t<div class=\"elementor-container elementor-column-gap-no\">\n\t\t\t\t\t<div class=\"elementor-column elementor-col-100 elementor-top-column elementor-element elementor-element-d723cc2\" data-id=\"d723cc2\" data-element_type=\"column\" data-e-type=\"column\">\n\t\t\t<div class=\"elementor-widget-wrap elementor-element-populated\">\n\t\t\t\t\t\t<div class=\"elementor-element elementor-element-800fe82 elementor-widget elementor-widget-image\" data-id=\"800fe82\" data-element_type=\"widget\" data-e-type=\"widget\" data-settings=\"{&quot;ekit_we_effect_on&quot;:&quot;none&quot;}\" data-widget_type=\"image.default\">\n\t\t\t\t<div class=\"elementor-widget-container\">\n\t\t\t\t\t\t\t\t\t\t\t\t\t\t\t<img fetchpriority=\"high\" decoding=\"async\" width=\"1170\" height=\"478\" src=\"https:\/\/www.cf2ad.tn\/wp-content\/uploads\/2015\/11\/become-teacher.jpg\" class=\"attachment-full size-full wp-image-2892\" alt=\"\" srcset=\"https:\/\/www.cf2ad.tn\/wp-content\/uploads\/2015\/11\/become-teacher.jpg 1170w, https:\/\/www.cf2ad.tn\/wp-content\/uploads\/2015\/11\/become-teacher-600x245.jpg 600w, https:\/\/www.cf2ad.tn\/wp-content\/uploads\/2015\/11\/become-teacher-300x123.jpg 300w, https:\/\/www.cf2ad.tn\/wp-content\/uploads\/2015\/11\/become-teacher-1024x418.jpg 1024w, https:\/\/www.cf2ad.tn\/wp-content\/uploads\/2015\/11\/become-teacher-768x314.jpg 768w\" sizes=\"(max-width: 1170px) 100vw, 1170px\" \/>\t\t\t\t\t\t\t\t\t\t\t\t\t\t\t<\/div>\n\t\t\t\t<\/div>\n\t\t\t\t\t<\/div>\n\t\t<\/div>\n\t\t\t\t\t<\/div>\n\t\t<\/section>\n\t\t\t\t<section class=\"elementor-section elementor-top-section elementor-element elementor-element-13605c6 elementor-section-boxed elementor-section-height-default elementor-section-height-default\" data-id=\"13605c6\" data-element_type=\"section\" data-e-type=\"section\" data-settings=\"{&quot;ekit_has_onepagescroll_dot&quot;:&quot;yes&quot;}\">\n\t\t\t\t\t\t<div class=\"elementor-container elementor-column-gap-no\">\n\t\t\t\t\t<div class=\"elementor-column elementor-col-100 elementor-top-column elementor-element elementor-element-7b719b3\" data-id=\"7b719b3\" data-element_type=\"column\" data-e-type=\"column\">\n\t\t\t<div class=\"elementor-widget-wrap elementor-element-populated\">\n\t\t\t\t\t\t<div class=\"elementor-element elementor-element-76fda43 thim-ekits-heading-text-center elementor-widget thim-ekits-heading elementor-widget-thim-heading\" data-id=\"76fda43\" data-element_type=\"widget\" data-e-type=\"widget\" data-settings=\"{&quot;ekit_we_effect_on&quot;:&quot;none&quot;}\" data-widget_type=\"thim-heading.default\">\n\t\t\t\t<div class=\"elementor-widget-container\">\n\t\t\t\t\t<div class=\"sc_heading text-center\"><h3 class=\"title\">Comment devenir formateur<\/h3><div class=\"sub-heading\"><p>Nous vous aimons, nous sommes heureux de vous voir rejoindre notre famille de formateur<\/p>\n<\/div><span class=\"line\"><\/span><\/div>\t\t\t\t<\/div>\n\t\t\t\t<\/div>\n\t\t\t\t\t<\/div>\n\t\t<\/div>\n\t\t\t\t\t<\/div>\n\t\t<\/section>\n\t\t\t\t<section class=\"elementor-section elementor-top-section elementor-element elementor-element-2482687 elementor-section-boxed elementor-section-height-default elementor-section-height-default\" data-id=\"2482687\" data-element_type=\"section\" data-e-type=\"section\" data-settings=\"{&quot;ekit_has_onepagescroll_dot&quot;:&quot;yes&quot;}\">\n\t\t\t\t\t\t<div class=\"elementor-container elementor-column-gap-extended\">\n\t\t\t\t\t<div class=\"elementor-column elementor-col-50 elementor-top-column elementor-element elementor-element-acc3f7f\" data-id=\"acc3f7f\" data-element_type=\"column\" data-e-type=\"column\">\n\t\t\t<div class=\"elementor-widget-wrap elementor-element-populated\">\n\t\t\t\t\t\t<div class=\"elementor-element elementor-element-847f97a elementor-widget elementor-widget-shortcode\" data-id=\"847f97a\" data-element_type=\"widget\" data-e-type=\"widget\" data-settings=\"{&quot;ekit_we_effect_on&quot;:&quot;none&quot;}\" data-widget_type=\"shortcode.default\">\n\t\t\t\t<div class=\"elementor-widget-container\">\n\t\t\t\t\t\t\t<div class=\"elementor-shortcode\"><div class=\"learnpress\">\r\n\t\t\t\t\t\t\t\t\t<div class=\"learn-press-message success\" >\r\n\t\t\t\t Veuillez <strong><a href=\"http:\/\/www.cf2ad.tn\/fr\/lp-profile\/\">connexion<\/a><\/strong> pour envoyer votre demande\u00a0!\t\t\t<\/div>\r\n\r\n\t\t\r\n\t\r\n<\/div><\/div>\n\t\t\t\t\t\t<\/div>\n\t\t\t\t<\/div>\n\t\t\t\t\t<\/div>\n\t\t<\/div>\n\t\t\t\t<div class=\"elementor-column elementor-col-50 elementor-top-column elementor-element elementor-element-b0d39cc\" data-id=\"b0d39cc\" data-element_type=\"column\" data-e-type=\"column\">\n\t\t\t<div class=\"elementor-widget-wrap elementor-element-populated\">\n\t\t\t\t\t\t<div class=\"elementor-element elementor-element-05a9d4d thim-widget-tab elementor-widget thim-widget-tab template-tab\" data-id=\"05a9d4d\" data-element_type=\"widget\" data-e-type=\"widget\" data-settings=\"{&quot;ekit_we_effect_on&quot;:&quot;none&quot;}\" data-widget_type=\"thim-tab.default\">\n\t\t\t\t<div class=\"elementor-widget-container\">\n\t\t\t\t\t<ul class=\"nav nav-tabs\" role=\"tablist\"><li role=\"presentation\" class='active tab-col-3'><a href=\"#thim-widget-tab-11776064389-1-26\"  role=\"tab\" data-toggle=\"tab\"><i class=\"fa fa-user-plus\"><\/i><span>Devenir formateur<\/span><\/a><\/li><li role=\"presentation\" class='tab-col-3'><a href=\"#thim-widget-tab-21776064389-1-26\"  role=\"tab\" data-toggle=\"tab\"><i class=\"fa fa-list-ol\"><\/i><span>Regles pour le formateur<\/span><\/a><\/li><li role=\"presentation\" class='tab-col-3'><a href=\"#thim-widget-tab-31776064389-1-26\"  role=\"tab\" data-toggle=\"tab\"><i class=\"fa fa-book\"><\/i><span>Commencez par des cours<\/span><\/a><\/li><\/ul><div class=\"tab-content\"> <div role=\"tabpanel\" class=\"tab-pane active\" id=\"thim-widget-tab-11776064389-1-26\">C'est un fait \u00e9tabli depuis longtemps qu'un lecteur sera distrait par le contenu lisible d'une page lorsqu'il examinera sa mise en page. L'int\u00e9r\u00eat d'utiliser le Lorem Ipsum est qu'il a une distribution de lettres plus ou moins normale, par opposition \u00e0 l'utilisation de \u00ab\u00a0Contenu ici, contenu ici\u00a0\u00bb, ce qui donne l'impression qu'il s'agit d'un fran\u00e7ais lisible.\n<br><br>\nDe nombreux logiciels de publication assist\u00e9e par ordinateur et \u00e9diteurs de pages Web utilisent d\u00e9sormais Lorem Ipsum comme mod\u00e8le de texte par d\u00e9faut, et une recherche sur \u00ab lorem ipsum \u00bb permettra de d\u00e9couvrir de nombreux sites Web encore \u00e0 leurs balbutiements.<\/div> <div role=\"tabpanel\" class=\"tab-pane\" id=\"thim-widget-tab-21776064389-1-26\">Diff\u00e9rentes versions ont \u00e9volu\u00e9 au fil des ann\u00e9es, parfois par accident, parfois volontairement (humour inject\u00e9, etc.).\n<br><br>\nDe nombreux logiciels de publication assist\u00e9e par ordinateur et \u00e9diteurs de pages Web utilisent d\u00e9sormais Lorem Ipsum comme mod\u00e8le de texte par d\u00e9faut, et une recherche sur \u00ab lorem ipsum \u00bb permettra de d\u00e9couvrir de nombreux sites Web encore \u00e0 leurs balbutiements. Diff\u00e9rentes versions ont \u00e9volu\u00e9 au fil des ann\u00e9es, parfois par accident, parfois volontairement (humour inject\u00e9, etc.).\n\nDe nombreux packages de publication assist\u00e9e par ordinateur et \u00e9diteurs de pages Web utilisent d\u00e9sormais Lorem Ipsum.<\/div> <div role=\"tabpanel\" class=\"tab-pane\" id=\"thim-widget-tab-31776064389-1-26\">Il existe de nombreuses variantes de passages du Lorem Ipsum disponibles, mais la majorit\u00e9 ont subi des alt\u00e9rations sous une forme ou une autre, par injection d'humour ou par des mots al\u00e9atoires qui ne semblent m\u00eame pas l\u00e9g\u00e8rement cr\u00e9dibles. Si vous comptez utiliser un passage du Lorem Ipsum, vous devez vous assurer qu'il n'y a rien d'embarrassant cach\u00e9 au milieu du texte.\n<br><br>\nTous les g\u00e9n\u00e9rateurs Lorem Ipsum sur Internet ont tendance \u00e0 r\u00e9p\u00e9ter des morceaux pr\u00e9d\u00e9finis si n\u00e9cessaire, ce qui en fait le premier v\u00e9ritable g\u00e9n\u00e9rateur sur Internet.<\/div><\/div>\t\t\t\t<\/div>\n\t\t\t\t<\/div>\n\t\t\t\t\t<\/div>\n\t\t<\/div>\n\t\t\t\t\t<\/div>\n\t\t<\/section>\n\t\t\t\t<\/div>","protected":false},"excerpt":{"rendered":"<p>Apply As Instructor We love you, we are pleased to have you join our training family The specific steps to become an instructor at your training center will vary depending on several factors, including: The type of training you want &hellip; <\/p>","protected":false},"author":1,"featured_media":0,"parent":0,"menu_order":0,"comment_status":"closed","ping_status":"closed","template":"","meta":{"footnotes":""},"class_list":["post-2780","page","type-page","status-publish","hentry"],"yoast_head":"<!-- This site is optimized with the Yoast SEO plugin v27.3 - https:\/\/yoast.com\/product\/yoast-seo-wordpress\/ -->\n<title>Become a Teacher - Arab-africain center for training &amp; developpement<\/title>\n<meta name=\"robots\" content=\"index, follow, max-snippet:-1, max-image-preview:large, max-video-preview:-1\" \/>\n<link rel=\"canonical\" href=\"http:\/\/www.cf2ad.tn\/fr\/become-a-teacher\/\" \/>\n<meta property=\"og:locale\" content=\"fr_FR\" \/>\n<meta property=\"og:type\" content=\"article\" \/>\n<meta property=\"og:title\" content=\"Become a Teacher - Arab-africain center for training &amp; developpement\" \/>\n<meta property=\"og:description\" content=\"Apply As Instructor We love you, we are pleased to have you join our training family The specific steps to become an instructor at your training center will vary depending on several factors, including: The type of training you want &hellip;\" \/>\n<meta property=\"og:url\" content=\"http:\/\/www.cf2ad.tn\/fr\/become-a-teacher\/\" \/>\n<meta property=\"og:site_name\" content=\"Arab-africain center for training &amp; developpement\" \/>\n<meta property=\"article:modified_time\" content=\"2023-12-31T02:42:16+00:00\" \/>\n<meta property=\"og:image\" content=\"https:\/\/www.cf2ad.tn\/wp-content\/uploads\/2015\/11\/become-teacher.jpg\" \/>\n<meta name=\"twitter:card\" content=\"summary_large_image\" \/>\n<meta name=\"twitter:label1\" content=\"Dur\u00e9e de lecture estim\u00e9e\" \/>\n\t<meta name=\"twitter:data1\" content=\"2 minutes\" \/>\n<script type=\"application\/ld+json\" class=\"yoast-schema-graph\">{\"@context\":\"https:\\\/\\\/schema.org\",\"@graph\":[{\"@type\":\"WebPage\",\"@id\":\"https:\\\/\\\/www.cf2ad.tn\\\/become-a-teacher\\\/\",\"url\":\"https:\\\/\\\/www.cf2ad.tn\\\/become-a-teacher\\\/\",\"name\":\"Become a Teacher - Arab-africain center for training &amp; developpement\",\"isPartOf\":{\"@id\":\"https:\\\/\\\/www.cf2ad.tn\\\/#website\"},\"primaryImageOfPage\":{\"@id\":\"https:\\\/\\\/www.cf2ad.tn\\\/become-a-teacher\\\/#primaryimage\"},\"image\":{\"@id\":\"https:\\\/\\\/www.cf2ad.tn\\\/become-a-teacher\\\/#primaryimage\"},\"thumbnailUrl\":\"https:\\\/\\\/www.cf2ad.tn\\\/wp-content\\\/uploads\\\/2015\\\/11\\\/become-teacher.jpg\",\"datePublished\":\"2015-11-03T02:46:28+00:00\",\"dateModified\":\"2023-12-31T02:42:16+00:00\",\"breadcrumb\":{\"@id\":\"https:\\\/\\\/www.cf2ad.tn\\\/become-a-teacher\\\/#breadcrumb\"},\"inLanguage\":\"fr-FR\",\"potentialAction\":[{\"@type\":\"ReadAction\",\"target\":[\"https:\\\/\\\/www.cf2ad.tn\\\/become-a-teacher\\\/\"]}]},{\"@type\":\"ImageObject\",\"inLanguage\":\"fr-FR\",\"@id\":\"https:\\\/\\\/www.cf2ad.tn\\\/become-a-teacher\\\/#primaryimage\",\"url\":\"https:\\\/\\\/www.cf2ad.tn\\\/wp-content\\\/uploads\\\/2015\\\/11\\\/become-teacher.jpg\",\"contentUrl\":\"https:\\\/\\\/www.cf2ad.tn\\\/wp-content\\\/uploads\\\/2015\\\/11\\\/become-teacher.jpg\"},{\"@type\":\"BreadcrumbList\",\"@id\":\"https:\\\/\\\/www.cf2ad.tn\\\/become-a-teacher\\\/#breadcrumb\",\"itemListElement\":[{\"@type\":\"ListItem\",\"position\":1,\"name\":\"Home\",\"item\":\"https:\\\/\\\/www.cf2ad.tn\\\/\"},{\"@type\":\"ListItem\",\"position\":2,\"name\":\"Become a Teacher\"}]},{\"@type\":\"WebSite\",\"@id\":\"https:\\\/\\\/www.cf2ad.tn\\\/#website\",\"url\":\"https:\\\/\\\/www.cf2ad.tn\\\/\",\"name\":\"Arab-africain center for training &amp; developpement\",\"description\":\"Arab-africain center for training &amp; developpement\",\"potentialAction\":[{\"@type\":\"SearchAction\",\"target\":{\"@type\":\"EntryPoint\",\"urlTemplate\":\"https:\\\/\\\/www.cf2ad.tn\\\/?s={search_term_string}\"},\"query-input\":{\"@type\":\"PropertyValueSpecification\",\"valueRequired\":true,\"valueName\":\"search_term_string\"}}],\"inLanguage\":\"fr-FR\"}]}<\/script>\n<!-- \/ Yoast SEO plugin. -->","yoast_head_json":{"title":"Become a Teacher - Arab-africain center for training &amp; developpement","robots":{"index":"index","follow":"follow","max-snippet":"max-snippet:-1","max-image-preview":"max-image-preview:large","max-video-preview":"max-video-preview:-1"},"canonical":"http:\/\/www.cf2ad.tn\/fr\/become-a-teacher\/","og_locale":"fr_FR","og_type":"article","og_title":"Become a Teacher - Arab-africain center for training &amp; developpement","og_description":"Apply As Instructor We love you, we are pleased to have you join our training family The specific steps to become an instructor at your training center will vary depending on several factors, including: The type of training you want &hellip;","og_url":"http:\/\/www.cf2ad.tn\/fr\/become-a-teacher\/","og_site_name":"Arab-africain center for training &amp; developpement","article_modified_time":"2023-12-31T02:42:16+00:00","og_image":[{"url":"https:\/\/www.cf2ad.tn\/wp-content\/uploads\/2015\/11\/become-teacher.jpg","type":"","width":"","height":""}],"twitter_card":"summary_large_image","twitter_misc":{"Dur\u00e9e de lecture estim\u00e9e":"2 minutes"},"schema":{"@context":"https:\/\/schema.org","@graph":[{"@type":"WebPage","@id":"https:\/\/www.cf2ad.tn\/become-a-teacher\/","url":"https:\/\/www.cf2ad.tn\/become-a-teacher\/","name":"Become a Teacher - Arab-africain center for training &amp; developpement","isPartOf":{"@id":"https:\/\/www.cf2ad.tn\/#website"},"primaryImageOfPage":{"@id":"https:\/\/www.cf2ad.tn\/become-a-teacher\/#primaryimage"},"image":{"@id":"https:\/\/www.cf2ad.tn\/become-a-teacher\/#primaryimage"},"thumbnailUrl":"https:\/\/www.cf2ad.tn\/wp-content\/uploads\/2015\/11\/become-teacher.jpg","datePublished":"2015-11-03T02:46:28+00:00","dateModified":"2023-12-31T02:42:16+00:00","breadcrumb":{"@id":"https:\/\/www.cf2ad.tn\/become-a-teacher\/#breadcrumb"},"inLanguage":"fr-FR","potentialAction":[{"@type":"ReadAction","target":["https:\/\/www.cf2ad.tn\/become-a-teacher\/"]}]},{"@type":"ImageObject","inLanguage":"fr-FR","@id":"https:\/\/www.cf2ad.tn\/become-a-teacher\/#primaryimage","url":"https:\/\/www.cf2ad.tn\/wp-content\/uploads\/2015\/11\/become-teacher.jpg","contentUrl":"https:\/\/www.cf2ad.tn\/wp-content\/uploads\/2015\/11\/become-teacher.jpg"},{"@type":"BreadcrumbList","@id":"https:\/\/www.cf2ad.tn\/become-a-teacher\/#breadcrumb","itemListElement":[{"@type":"ListItem","position":1,"name":"Home","item":"https:\/\/www.cf2ad.tn\/"},{"@type":"ListItem","position":2,"name":"Become a Teacher"}]},{"@type":"WebSite","@id":"https:\/\/www.cf2ad.tn\/#website","url":"https:\/\/www.cf2ad.tn\/","name":"Arab-africain center for training &amp; developpement","description":"Arab-africain center for training &amp; developpement","potentialAction":[{"@type":"SearchAction","target":{"@type":"EntryPoint","urlTemplate":"https:\/\/www.cf2ad.tn\/?s={search_term_string}"},"query-input":{"@type":"PropertyValueSpecification","valueRequired":true,"valueName":"search_term_string"}}],"inLanguage":"fr-FR"}]}},"_links":{"self":[{"href":"http:\/\/www.cf2ad.tn\/fr\/wp-json\/wp\/v2\/pages\/2780","targetHints":{"allow":["GET"]}}],"collection":[{"href":"http:\/\/www.cf2ad.tn\/fr\/wp-json\/wp\/v2\/pages"}],"about":[{"href":"http:\/\/www.cf2ad.tn\/fr\/wp-json\/wp\/v2\/types\/page"}],"author":[{"embeddable":true,"href":"http:\/\/www.cf2ad.tn\/fr\/wp-json\/wp\/v2\/users\/1"}],"replies":[{"embeddable":true,"href":"http:\/\/www.cf2ad.tn\/fr\/wp-json\/wp\/v2\/comments?post=2780"}],"version-history":[{"count":6,"href":"http:\/\/www.cf2ad.tn\/fr\/wp-json\/wp\/v2\/pages\/2780\/revisions"}],"predecessor-version":[{"id":19664,"href":"http:\/\/www.cf2ad.tn\/fr\/wp-json\/wp\/v2\/pages\/2780\/revisions\/19664"}],"wp:attachment":[{"href":"http:\/\/www.cf2ad.tn\/fr\/wp-json\/wp\/v2\/media?parent=2780"}],"curies":[{"name":"wp","href":"https:\/\/api.w.org\/{rel}","templated":true}]}}